{"id":149,"date":"2026-03-21T13:48:28","date_gmt":"2026-03-21T13:48:28","guid":{"rendered":"https:\/\/lumina-verde.com\/?page_id=149"},"modified":"2026-04-08T20:50:24","modified_gmt":"2026-04-08T20:50:24","slug":"hardfacts","status":"publish","type":"page","link":"https:\/\/lumina-verde.com\/es\/hardfacts\/","title":{"rendered":"Datos concretos"},"content":{"rendered":"<div data-elementor-type=\"wp-page\" data-elementor-id=\"149\" class=\"elementor elementor-149\" data-elementor-post-type=\"page\">\n\t\t\t\t<div class=\"elementor-element elementor-element-9c068a1 e-flex e-con-boxed e-con e-parent\" data-id=\"9c068a1\" data-element_type=\"container\" data-e-type=\"container\" data-settings=\"{&quot;background_background&quot;:&quot;classic&quot;}\">\n\t\t\t\t\t<div class=\"e-con-inner\">\n\t\t\t\t<div class=\"elementor-element elementor-element-3964053 elementor-widget elementor-widget-heading\" data-id=\"3964053\" data-element_type=\"widget\" data-e-type=\"widget\" data-widget_type=\"heading.default\">\n\t\t\t\t\t<h6 class=\"elementor-heading-title elementor-size-default\">Vision &amp; Ziele<\/h6>\t\t\t\t<\/div>\n\t\t\t\t<div class=\"elementor-element elementor-element-057052f elementor-widget elementor-widget-heading\" data-id=\"057052f\" data-element_type=\"widget\" data-e-type=\"widget\" data-widget_type=\"heading.default\">\n\t\t\t\t\t<h1 class=\"elementor-heading-title elementor-size-default\">Was haben wir vor und<br> was sind unsere Ziele?<\/h1>\t\t\t\t<\/div>\n\t\t\t\t<div class=\"elementor-element elementor-element-4443656 elementor-widget elementor-widget-text-editor\" data-id=\"4443656\" data-element_type=\"widget\" data-e-type=\"widget\" data-widget_type=\"text-editor.default\">\n\t\t\t\t\t\t\t\t\t<p>Mit Lumina Verde soll ein integratives \u00d6ko-Retreat-Center an der Algarve entstehen, das als \u00f6ffentlich zug\u00e4ngliches Reallabor f\u00fcr ein nachhaltiges Erbe Portugals fungiert. Durch die Synergie aus medizinischer Expertise (Dr. Annika Ollig) und umweltplanerischem Ingenieurswesen (Dipl. Wirt.-Ing. Martin C. Berger) entsteht ein nachhaltiges Leuchtturmprojekt zum Sp\u00fcren, Erleben und Anfassen.<\/p>\t\t\t\t\t\t\t\t<\/div>\n\t\t\t\t<div class=\"elementor-element elementor-element-b47114b elementor-widget elementor-widget-heading\" data-id=\"b47114b\" data-element_type=\"widget\" data-e-type=\"widget\" data-widget_type=\"heading.default\">\n\t\t\t\t\t<h2 class=\"elementor-heading-title elementor-size-default\">Unsere Kernziele:<\/h2>\t\t\t\t<\/div>\n\t\t\t\t\t<\/div>\n\t\t\t\t<\/div>\n\t\t<div class=\"elementor-element elementor-element-a80c4a7 e-flex e-con-boxed e-con e-parent\" data-id=\"a80c4a7\" data-element_type=\"container\" data-e-type=\"container\">\n\t\t\t\t\t<div class=\"e-con-inner\">\n\t\t<div class=\"elementor-element elementor-element-14e5afd e-con-full e-flex e-con e-child\" data-id=\"14e5afd\" data-element_type=\"container\" data-e-type=\"container\">\n\t\t\t\t<div class=\"elementor-element elementor-element-f4e26a2 elementor-widget elementor-widget-heading\" data-id=\"f4e26a2\" data-element_type=\"widget\" data-e-type=\"widget\" data-widget_type=\"heading.default\">\n\t\t\t\t\t<h4 class=\"elementor-heading-title elementor-size-default\">01<\/h4>\t\t\t\t<\/div>\n\t\t\t\t<div class=\"elementor-element elementor-element-366a1f3 elementor-widget elementor-widget-text-editor\" data-id=\"366a1f3\" data-element_type=\"widget\" data-e-type=\"widget\" data-widget_type=\"text-editor.default\">\n\t\t\t\t\t\t\t\t\t<p>Biologische Landwirtschaft mit Bodenrenaturierung, Erhalt und F\u00f6rderung der Biodiversit\u00e4t<\/p>\t\t\t\t\t\t\t\t<\/div>\n\t\t\t\t<\/div>\n\t\t<div class=\"elementor-element elementor-element-286f21f e-con-full e-flex e-con e-child\" data-id=\"286f21f\" data-element_type=\"container\" data-e-type=\"container\">\n\t\t\t\t<div class=\"elementor-element elementor-element-3e01aa2 elementor-widget elementor-widget-heading\" data-id=\"3e01aa2\" data-element_type=\"widget\" data-e-type=\"widget\" data-widget_type=\"heading.default\">\n\t\t\t\t\t<h4 class=\"elementor-heading-title elementor-size-default\">02<\/h4>\t\t\t\t<\/div>\n\t\t\t\t<div class=\"elementor-element elementor-element-ec92f95 elementor-widget elementor-widget-text-editor\" data-id=\"ec92f95\" data-element_type=\"widget\" data-e-type=\"widget\" data-widget_type=\"text-editor.default\">\n\t\t\t\t\t\t\t\t\t<p>Bausektor- Transformation: Energetische Transformation des Bausektors durch Kombination modernster Bautechniken (Ultraleicht Beton) with traditionellen, portugiesischen Baustoffen (Kombination Recycling Beton, Kork, Lehm, Holz, Kalk)<\/p>\t\t\t\t\t\t\t\t<\/div>\n\t\t\t\t<\/div>\n\t\t\t\t\t<\/div>\n\t\t\t\t<\/div>\n\t\t<div class=\"elementor-element elementor-element-06ef29c e-flex e-con-boxed e-con e-parent\" data-id=\"06ef29c\" data-element_type=\"container\" data-e-type=\"container\">\n\t\t\t\t\t<div class=\"e-con-inner\">\n\t\t<div class=\"elementor-element elementor-element-eb63504 e-con-full e-flex e-con e-child\" data-id=\"eb63504\" data-element_type=\"container\" data-e-type=\"container\">\n\t\t\t\t<div class=\"elementor-element elementor-element-cace5fe elementor-widget elementor-widget-heading\" data-id=\"cace5fe\" data-element_type=\"widget\" data-e-type=\"widget\" data-widget_type=\"heading.default\">\n\t\t\t\t\t<h4 class=\"elementor-heading-title elementor-size-default\">03<\/h4>\t\t\t\t<\/div>\n\t\t\t\t<div class=\"elementor-element elementor-element-8f4dff6 elementor-widget elementor-widget-text-editor\" data-id=\"8f4dff6\" data-element_type=\"widget\" data-e-type=\"widget\" data-widget_type=\"text-editor.default\">\n\t\t\t\t\t\t\t\t\t<p>Reetablierung historischer, vor dem Aussterben bedrohter Obst \u2013 und Gem\u00fcsesorten die besonders an die extremen Witterungsbedingungen der Algarve angepasst sind, (Trocken -\/ Hitzeperioden) &#8211; somit weniger Energie und Wasser im Anbau ben\u00f6tigen<\/p>\t\t\t\t\t\t\t\t<\/div>\n\t\t\t\t<\/div>\n\t\t<div class=\"elementor-element elementor-element-0cc585a e-con-full e-flex e-con e-child\" data-id=\"0cc585a\" data-element_type=\"container\" data-e-type=\"container\">\n\t\t\t\t<div class=\"elementor-element elementor-element-b3b6499 elementor-widget elementor-widget-heading\" data-id=\"b3b6499\" data-element_type=\"widget\" data-e-type=\"widget\" data-widget_type=\"heading.default\">\n\t\t\t\t\t<h4 class=\"elementor-heading-title elementor-size-default\">04<\/h4>\t\t\t\t<\/div>\n\t\t\t\t<div class=\"elementor-element elementor-element-8b2c4f4 elementor-widget elementor-widget-text-editor\" data-id=\"8b2c4f4\" data-element_type=\"widget\" data-e-type=\"widget\" data-widget_type=\"text-editor.default\">\n\t\t\t\t\t\t\t\t\t<p>Anlage einer Genbank f\u00fcr historisches, samenfestes Saatgut mit Zugang und Weitergabe an die lokale Bev\u00f6lkerung (keine Genver\u00e4nderung)<\/p>\t\t\t\t\t\t\t\t<\/div>\n\t\t\t\t<\/div>\n\t\t\t\t\t<\/div>\n\t\t\t\t<\/div>\n\t\t<div class=\"elementor-element elementor-element-e445b3a e-flex e-con-boxed e-con e-parent\" data-id=\"e445b3a\" data-element_type=\"container\" data-e-type=\"container\">\n\t\t\t\t\t<div class=\"e-con-inner\">\n\t\t<div class=\"elementor-element elementor-element-9b4021f e-con-full e-flex e-con e-child\" data-id=\"9b4021f\" data-element_type=\"container\" data-e-type=\"container\">\n\t\t\t\t<div class=\"elementor-element elementor-element-d228dde elementor-widget elementor-widget-heading\" data-id=\"d228dde\" data-element_type=\"widget\" data-e-type=\"widget\" data-widget_type=\"heading.default\">\n\t\t\t\t\t<h4 class=\"elementor-heading-title elementor-size-default\">05<\/h4>\t\t\t\t<\/div>\n\t\t\t\t<div class=\"elementor-element elementor-element-f636c18 elementor-widget elementor-widget-text-editor\" data-id=\"f636c18\" data-element_type=\"widget\" data-e-type=\"widget\" data-widget_type=\"text-editor.default\">\n\t\t\t\t\t\t\t\t\t<p>F\u00f6rderung des Ganzjahrestourismus durch Retreat \u2013 Angebote, Workshops, und Unterbringung der G\u00e4ste in au\u00dfergew\u00f6hnlichen, naturnahen Unterk\u00fcnften f\u00fcr ca. 20 G\u00e4ste ( Baumh\u00e4user, TinyHouse \u2013 Konzepte, Jurten etc.)<\/p>\t\t\t\t\t\t\t\t<\/div>\n\t\t\t\t<\/div>\n\t\t<div class=\"elementor-element elementor-element-d297976 e-con-full e-flex e-con e-child\" data-id=\"d297976\" data-element_type=\"container\" data-e-type=\"container\">\n\t\t\t\t<div class=\"elementor-element elementor-element-7c9faeb elementor-widget elementor-widget-heading\" data-id=\"7c9faeb\" data-element_type=\"widget\" data-e-type=\"widget\" data-widget_type=\"heading.default\">\n\t\t\t\t\t<h4 class=\"elementor-heading-title elementor-size-default\">06<\/h4>\t\t\t\t<\/div>\n\t\t\t\t<div class=\"elementor-element elementor-element-bab373e elementor-widget elementor-widget-text-editor\" data-id=\"bab373e\" data-element_type=\"widget\" data-e-type=\"widget\" data-widget_type=\"text-editor.default\">\n\t\t\t\t\t\t\t\t\t<p>Veganes Restaurant: Kreislaufwirtschaft durch Verarbeitung der Produkte im veganen Restaurant<\/p>\t\t\t\t\t\t\t\t<\/div>\n\t\t\t\t<\/div>\n\t\t\t\t\t<\/div>\n\t\t\t\t<\/div>\n\t\t<div class=\"elementor-element elementor-element-0b68e45 e-flex e-con-boxed e-con e-parent\" data-id=\"0b68e45\" data-element_type=\"container\" data-e-type=\"container\">\n\t\t\t\t\t<div class=\"e-con-inner\">\n\t\t<div class=\"elementor-element elementor-element-ee67a83 e-con-full e-flex e-con e-child\" data-id=\"ee67a83\" data-element_type=\"container\" data-e-type=\"container\">\n\t\t\t\t<div class=\"elementor-element elementor-element-a58d5e7 elementor-widget elementor-widget-heading\" data-id=\"a58d5e7\" data-element_type=\"widget\" data-e-type=\"widget\" data-widget_type=\"heading.default\">\n\t\t\t\t\t<h4 class=\"elementor-heading-title elementor-size-default\">07<\/h4>\t\t\t\t<\/div>\n\t\t\t\t<div class=\"elementor-element elementor-element-5ccd4f9 elementor-widget elementor-widget-text-editor\" data-id=\"5ccd4f9\" data-element_type=\"widget\" data-e-type=\"widget\" data-widget_type=\"text-editor.default\">\n\t\t\t\t\t\t\t\t\t<p>Regionale Produktvermarktung : Im Retreat-Zentrum integrierte Verkaufsstelle zur Direktvermarktung eigener Erzeugnisse sowie Erzeugnisse umliegender, lokaler Betriebe<\/p>\t\t\t\t\t\t\t\t<\/div>\n\t\t\t\t<\/div>\n\t\t<div class=\"elementor-element elementor-element-4b01106 e-con-full e-flex e-con e-child\" data-id=\"4b01106\" data-element_type=\"container\" data-e-type=\"container\">\n\t\t\t\t<div class=\"elementor-element elementor-element-2a4fa18 elementor-widget elementor-widget-heading\" data-id=\"2a4fa18\" data-element_type=\"widget\" data-e-type=\"widget\" data-widget_type=\"heading.default\">\n\t\t\t\t\t<h4 class=\"elementor-heading-title elementor-size-default\">08<\/h4>\t\t\t\t<\/div>\n\t\t\t\t<div class=\"elementor-element elementor-element-8a81d75 elementor-widget elementor-widget-text-editor\" data-id=\"8a81d75\" data-element_type=\"widget\" data-e-type=\"widget\" data-widget_type=\"text-editor.default\">\n\t\t\t\t\t\t\t\t\t<p>Medizinische Expertise: Angebot von evidenzbasierter, seri\u00f6ser Gesundheitspr\u00e4vention, Ern\u00e4hrungsberatung und Kochkursen<\/p>\t\t\t\t\t\t\t\t<\/div>\n\t\t\t\t<\/div>\n\t\t\t\t\t<\/div>\n\t\t\t\t<\/div>\n\t\t<div class=\"elementor-element elementor-element-8a24c5e e-flex e-con-boxed e-con e-parent\" data-id=\"8a24c5e\" data-element_type=\"container\" data-e-type=\"container\">\n\t\t\t\t\t<div class=\"e-con-inner\">\n\t\t<div class=\"elementor-element elementor-element-432ee23 e-con-full e-flex e-con e-child\" data-id=\"432ee23\" data-element_type=\"container\" data-e-type=\"container\">\n\t\t\t\t<div class=\"elementor-element elementor-element-79259b8 elementor-widget elementor-widget-heading\" data-id=\"79259b8\" data-element_type=\"widget\" data-e-type=\"widget\" data-widget_type=\"heading.default\">\n\t\t\t\t\t<h4 class=\"elementor-heading-title elementor-size-default\">09<\/h4>\t\t\t\t<\/div>\n\t\t\t\t<div class=\"elementor-element elementor-element-ecc8328 elementor-widget elementor-widget-text-editor\" data-id=\"ecc8328\" data-element_type=\"widget\" data-e-type=\"widget\" data-widget_type=\"text-editor.default\">\n\t\t\t\t\t\t\t\t\t<p>Bildungsangebot durch Workshops zu Themen wie Etablierung von autarken Energie \u2013 und Wasserkreisl\u00e4ufen im Eigenheim, biologische Landwirtschaft und Permakultur, Gesundheitspr\u00e4vention, Ern\u00e4hrung, neuartige Bautechniken etc.<\/p>\t\t\t\t\t\t\t\t<\/div>\n\t\t\t\t<\/div>\n\t\t<div class=\"elementor-element elementor-element-5a775c6 e-con-full e-flex e-con e-child\" data-id=\"5a775c6\" data-element_type=\"container\" data-e-type=\"container\">\n\t\t\t\t<div class=\"elementor-element elementor-element-2ddb6f8 elementor-widget elementor-widget-heading\" data-id=\"2ddb6f8\" data-element_type=\"widget\" data-e-type=\"widget\" data-widget_type=\"heading.default\">\n\t\t\t\t\t<h4 class=\"elementor-heading-title elementor-size-default\">10<\/h4>\t\t\t\t<\/div>\n\t\t\t\t<div class=\"elementor-element elementor-element-0081c16 elementor-widget elementor-widget-text-editor\" data-id=\"0081c16\" data-element_type=\"widget\" data-e-type=\"widget\" data-widget_type=\"text-editor.default\">\n\t\t\t\t\t\t\t\t\t<p>Motivation der Besucher, zum Nachhaltigen Leben and Bauen durch direktes Erleben und \u201eHands \u2013 on\u201c Kurse<\/p>\t\t\t\t\t\t\t\t<\/div>\n\t\t\t\t<\/div>\n\t\t\t\t\t<\/div>\n\t\t\t\t<\/div>\n\t\t<div class=\"elementor-element elementor-element-4f0a5bc e-flex e-con-boxed e-con e-parent\" data-id=\"4f0a5bc\" data-element_type=\"container\" data-e-type=\"container\">\n\t\t\t\t\t<div class=\"e-con-inner\">\n\t\t<div class=\"elementor-element elementor-element-449b228 e-con-full e-flex e-con e-child\" data-id=\"449b228\" data-element_type=\"container\" data-e-type=\"container\">\n\t\t\t\t<div class=\"elementor-element elementor-element-2948f1e elementor-widget elementor-widget-heading\" data-id=\"2948f1e\" data-element_type=\"widget\" data-e-type=\"widget\" data-widget_type=\"heading.default\">\n\t\t\t\t\t<h4 class=\"elementor-heading-title elementor-size-default\">11<\/h4>\t\t\t\t<\/div>\n\t\t\t\t<div class=\"elementor-element elementor-element-d7b64df elementor-widget elementor-widget-text-editor\" data-id=\"d7b64df\" data-element_type=\"widget\" data-e-type=\"widget\" data-widget_type=\"text-editor.default\">\n\t\t\t\t\t\t\t\t\t<p>Schaffung einer zentralen Anlaufstelle an dem Wissen gesammelt, ausgetauscht, vermittelt und bewahrt wird<\/p>\t\t\t\t\t\t\t\t<\/div>\n\t\t\t\t<\/div>\n\t\t<div class=\"elementor-element elementor-element-92b4f39 e-con-full e-flex e-con e-child\" data-id=\"92b4f39\" data-element_type=\"container\" data-e-type=\"container\">\n\t\t\t\t<div class=\"elementor-element elementor-element-de737c4 elementor-widget elementor-widget-heading\" data-id=\"de737c4\" data-element_type=\"widget\" data-e-type=\"widget\" data-widget_type=\"heading.default\">\n\t\t\t\t\t<h4 class=\"elementor-heading-title elementor-size-default\">12<\/h4>\t\t\t\t<\/div>\n\t\t\t\t<div class=\"elementor-element elementor-element-a50146d elementor-widget elementor-widget-text-editor\" data-id=\"a50146d\" data-element_type=\"widget\" data-e-type=\"widget\" data-widget_type=\"text-editor.default\">\n\t\t\t\t\t\t\t\t\t<p>Schaffung von Arbeitspl\u00e4tzen f\u00fcr die lokale Bev\u00f6lkerung<\/p>\t\t\t\t\t\t\t\t<\/div>\n\t\t\t\t<\/div>\n\t\t\t\t\t<\/div>\n\t\t\t\t<\/div>\n\t\t<div class=\"elementor-element elementor-element-3353f7d e-flex e-con-boxed e-con e-parent\" data-id=\"3353f7d\" data-element_type=\"container\" data-e-type=\"container\">\n\t\t\t\t\t<div class=\"e-con-inner\">\n\t\t<div class=\"elementor-element elementor-element-c3abc11 e-con-full e-flex e-con e-child\" data-id=\"c3abc11\" data-element_type=\"container\" data-e-type=\"container\">\n\t\t\t\t<div class=\"elementor-element elementor-element-cd810c8 elementor-widget elementor-widget-heading\" data-id=\"cd810c8\" data-element_type=\"widget\" data-e-type=\"widget\" data-widget_type=\"heading.default\">\n\t\t\t\t\t<h4 class=\"elementor-heading-title elementor-size-default\">13<\/h4>\t\t\t\t<\/div>\n\t\t\t\t<div class=\"elementor-element elementor-element-b328393 elementor-widget elementor-widget-text-editor\" data-id=\"b328393\" data-element_type=\"widget\" data-e-type=\"widget\" data-widget_type=\"text-editor.default\">\n\t\t\t\t\t\t\t\t\t<p>Schaffung eines \u00f6ffentlichen Ortes des Austausches und Genusses f\u00fcr G\u00e4ste und Gemeindemitglieder<\/p>\t\t\t\t\t\t\t\t<\/div>\n\t\t\t\t<\/div>\n\t\t<div class=\"elementor-element elementor-element-d1cd01d e-con-full e-flex e-con e-child\" data-id=\"d1cd01d\" data-element_type=\"container\" data-e-type=\"container\">\n\t\t\t\t<\/div>\n\t\t\t\t\t<\/div>\n\t\t\t\t<\/div>\n\t\t\t\t<\/div>","protected":false},"excerpt":{"rendered":"<p>Vision &amp; Ziele Was haben wir vor und was sind unsere Ziele? Mit Lumina Verde soll ein integratives \u00d6ko-Retreat-Center an der Algarve entstehen, das als \u00f6ffentlich zug\u00e4ngliches Reallabor f\u00fcr ein nachhaltiges Erbe Portugals fungiert. Durch die Synergie aus medizinischer Expertise (Dr. Annika Ollig) und umweltplanerischem Ingenieurswesen (Dipl. Wirt.-Ing. Martin C. Berger) entsteht ein nachhaltiges Leuchtturmprojekt [&hellip;]<\/p>","protected":false},"author":1,"featured_media":0,"parent":0,"menu_order":0,"comment_status":"closed","ping_status":"closed","template":"","meta":{"give_campaign_id":0,"footnotes":""},"class_list":["post-149","page","type-page","status-publish","hentry"],"campaignId":"","_links":{"self":[{"href":"https:\/\/lumina-verde.com\/es\/wp-json\/wp\/v2\/pages\/149","targetHints":{"allow":["GET"]}}],"collection":[{"href":"https:\/\/lumina-verde.com\/es\/wp-json\/wp\/v2\/pages"}],"about":[{"href":"https:\/\/lumina-verde.com\/es\/wp-json\/wp\/v2\/types\/page"}],"author":[{"embeddable":true,"href":"https:\/\/lumina-verde.com\/es\/wp-json\/wp\/v2\/users\/1"}],"replies":[{"embeddable":true,"href":"https:\/\/lumina-verde.com\/es\/wp-json\/wp\/v2\/comments?post=149"}],"version-history":[{"count":13,"href":"https:\/\/lumina-verde.com\/es\/wp-json\/wp\/v2\/pages\/149\/revisions"}],"predecessor-version":[{"id":307,"href":"https:\/\/lumina-verde.com\/es\/wp-json\/wp\/v2\/pages\/149\/revisions\/307"}],"wp:attachment":[{"href":"https:\/\/lumina-verde.com\/es\/wp-json\/wp\/v2\/media?parent=149"}],"curies":[{"name":"wp","href":"https:\/\/api.w.org\/{rel}","templated":true}]}}